{"id":549,"date":"2015-04-18T19:21:34","date_gmt":"2015-04-18T17:21:34","guid":{"rendered":"https:\/\/mozaikowanie.wordpress.com\/?page_id=549"},"modified":"2016-01-07T21:45:13","modified_gmt":"2016-01-07T20:45:13","slug":"slownik-mozaiki","status":"publish","type":"page","link":"https:\/\/mozaikowanie.pl\/index.php\/slownik-mozaiki\/","title":{"rendered":"S\u0142ownik mozaiki"},"content":{"rendered":"<p><em>S\u0142ownik b\u0119dzie si\u0119 powi\u0119ksza\u0142\u00a0stopniowo, razem z ca\u0142ym blogiem.<\/em><\/p>\n<p><strong>Andamento<\/strong> (w\u0142. styl, trend) &#8211; oznacza\u00a0rytm nadawany mozaice przez spos\u00f3b u\u0142o\u017cenia tesser, np. uk\u0142ad linii, za\u0142amania etc.<\/p>\n<p><strong>Opus<\/strong>\u00a0 (\u0142ac. dzie\u0142o) &#8211; w mozaice oznacza spos\u00f3b uk\u0142adania tesser. Najbardziej popularne opera (l.mn. od &#8222;opus&#8221; to opera) to:<\/p>\n<ul>\n<li><strong> opus regulatum<\/strong> &#8211; u\u0142o\u017cenie w formie siatki, pionowe i poziome rz\u0119dy kwadratowych (najcz\u0119\u015bciej) tesser s\u0105 r\u00f3wne<\/li>\n<li><strong>opus palladianum<\/strong> &#8211; nieregularne tessery u\u0142o\u017cone w nieregularny spos\u00f3b<\/li>\n<li><strong>opus tesselatum<\/strong> &#8211; spos\u00f3b podobny do uk\u0142adania cegie\u0142. Linie horyzontalne pomi\u0119dzy tessermi s\u0105 r\u00f3wne, a linie pionowe s\u0105 &#8222;\u0142amane&#8221; pomi\u0119dzy poszczeg\u00f3lnymi rz\u0119dami<\/li>\n<li><strong>opus vermiculatum<\/strong> (najprawdopodobniej od \u0142aci\u0144skiego s\u0142owa vermiculus, oznaczaj\u0105cego larw\u0119 lub robaka, a to ze wzgl\u0119du na podobie\u0144stwo kszta\u0142tu) &#8211; u\u0142o\u017cenie tesser w formie r\u00f3\u017cnych linii, tworz\u0105cych kszta\u0142ty.<\/li>\n<\/ul>\n<p><strong>Tessery<\/strong> &#8211; elementy, z kt\u00f3rych uk\u0142adana jest mozaika. Pierwszymi tesserami by\u0142y otoczaki, potem popularne sta\u0142y si\u0119 inne kamienie (marmur, granit, trawertyny, bazalty, \u0142upek), szk\u0142o i mozaika ceramiczna.<\/p>\n<p><strong>Smalti, smalta<\/strong> &#8211; szk\u0142o emaliowane tj. kolorowe wytwarzane przede wszystkim we W\u0142oszech.<\/p>\n","protected":false},"excerpt":{"rendered":"<p>S\u0142ownik b\u0119dzie si\u0119 powi\u0119ksza\u0142\u00a0stopniowo, razem z ca\u0142ym blogiem. Andamento (w\u0142. styl, trend) &#8211; oznacza\u00a0rytm nadawany mozaice przez spos\u00f3b u\u0142o\u017cenia tesser, np. uk\u0142ad linii, za\u0142amania etc. Opus\u00a0 (\u0142ac. dzie\u0142o) &#8211; w mozaice oznacza spos\u00f3b uk\u0142adania tesser. Najbardziej popularne opera (l.mn. od &#8222;opus&#8221; to opera) to: opus regulatum &#8211; u\u0142o\u017cenie w formie siatki, pionowe i poziome rz\u0119dy &hellip; <a href=\"https:\/\/mozaikowanie.pl\/index.php\/slownik-mozaiki\/\" class=\"more-link\">Czytaj dalej <span class=\"screen-reader-text\">S\u0142ownik mozaiki<\/span> <span class=\"meta-nav\">&rarr;<\/span><\/a><\/p>\n","protected":false},"author":1,"featured_media":0,"parent":0,"menu_order":0,"comment_status":"open","ping_status":"open","template":"","meta":{"jetpack_post_was_ever_published":false,"footnotes":""},"class_list":["post-549","page","type-page","status-publish","hentry"],"aioseo_notices":[],"jetpack_sharing_enabled":true,"jetpack_shortlink":"https:\/\/wp.me\/P72G1w-8R","jetpack-related-posts":[],"_links":{"self":[{"href":"https:\/\/mozaikowanie.pl\/index.php\/wp-json\/wp\/v2\/pages\/549","targetHints":{"allow":["GET"]}}],"collection":[{"href":"https:\/\/mozaikowanie.pl\/index.php\/wp-json\/wp\/v2\/pages"}],"about":[{"href":"https:\/\/mozaikowanie.pl\/index.php\/wp-json\/wp\/v2\/types\/page"}],"author":[{"embeddable":true,"href":"https:\/\/mozaikowanie.pl\/index.php\/wp-json\/wp\/v2\/users\/1"}],"replies":[{"embeddable":true,"href":"https:\/\/mozaikowanie.pl\/index.php\/wp-json\/wp\/v2\/comments?post=549"}],"version-history":[{"count":2,"href":"https:\/\/mozaikowanie.pl\/index.php\/wp-json\/wp\/v2\/pages\/549\/revisions"}],"predecessor-version":[{"id":1294,"href":"https:\/\/mozaikowanie.pl\/index.php\/wp-json\/wp\/v2\/pages\/549\/revisions\/1294"}],"wp:attachment":[{"href":"https:\/\/mozaikowanie.pl\/index.php\/wp-json\/wp\/v2\/media?parent=549"}],"curies":[{"name":"wp","href":"https:\/\/api.w.org\/{rel}","templated":true}]}}