{"id":690,"date":"2015-02-10T05:11:45","date_gmt":"2015-02-10T05:11:45","guid":{"rendered":"http:\/\/mozaikoteka.wordpress.com\/?page_id=1"},"modified":"2024-06-04T18:49:20","modified_gmt":"2024-06-04T16:49:20","slug":"informacje","status":"publish","type":"page","link":"https:\/\/mozaikowanie.pl\/index.php\/informacje\/","title":{"rendered":"O mnie"},"content":{"rendered":"<p>Zapraszam\u00a0Was, Drodzy Czytelnicy, do\u00a0dw\u00f3ch rzeczy:\u00a0odkrycia fascynuj\u0105cego \u015bwiata mozaiki wsp\u00f3\u0142czesnej i spr\u00f3bowania swoich si\u0142 w mozaice. W trakcie tej podr\u00f3\u017cy opowiem Wam o procesie tworzenia mozaiki, poka\u017c\u0119 Wam moje prace, opowiem o interesuj\u0105cych\u00a0mnie artystach tworz\u0105cych mozaiki i troch\u0119 o jej historii.<\/p>\n<p>\u201eMozaikuj\u0119\u201d oznacza, \u017ce fotografuj\u0119, rysuj\u0119, projektuj\u0119 i klej\u0119, bywam glazurnikiem, albo kamieniarzem &#8211; a wszystko po to, aby stworzy\u0107 z innych przedmiot\u00f3w obraz lub&#8230; rze\u017ab\u0119.<\/p>\n<p><a href=\"http:\/\/mozaikowanie.files.wordpress.com\/2015\/02\/ewa-blog.png\"><img data-recalc-dims=\"1\" loading=\"lazy\" decoding=\"async\" class=\"alignnone size-medium wp-image-77\" src=\"http:\/\/mozaikowanie.files.wordpress.com\/2015\/02\/ewa-blog.png?w=196&#038;resize=196%2C300\" alt=\"Ewa-blog\" width=\"196\" height=\"300\" \/><\/a><\/p>\n<p>Sk\u0142adanie ma\u0142ych kawa\u0142k\u00f3w w wi\u0119ksz\u0105 ca\u0142o\u015b\u0107 jest dla mnie form\u0105 tw\u00f3rczej medytacji, kt\u00f3ra daje rado\u015b\u0107 i spok\u00f3j, jest te\u017c sposobem na zatrzymanie emocji i ulotnych wra\u017ce\u0144. Celem tego\u00a0bloga jest przekonanie Was, \u017ce ka\u017cdy cz\u0142owiek, bez wzgl\u0119du na to, jak dzi\u015b ocenia swoje zdolno\u015bci artystyczne, jest w stanie stworzy\u0107 w\u0142asny \u015bwiat za pomoc\u0105 mozaiki. Zobaczycie tutaj ewolucj\u0119, kt\u00f3r\u0105 przechodz\u0119 i histori\u0119 poszukiwania mojej w\u0142asnej drogi w mozaice.<\/p>\n<p>Uczy\u0142am (i ucz\u0119 si\u0119) mozaiki w Polsce, Francji i W\u0142oszech. Spotkanie z mozaik\u0105 zawdzi\u0119czam Paulinie Okurowskiej, polskiej artystce pracuj\u0105cej we Francji, kt\u00f3ra nauczy\u0142a mnie trzyma\u0107 w d\u0142oni pierwsze mozaikowe szczypce\u00a0i\u00a0zainspirowa\u0142a do poszukiwa\u0144 w \u015bwiecie wsp\u00f3\u0142czesnej mozaiki. Jej zachwycaj\u0105ce prace mo\u017cecie znale\u017a\u0107 na stronie<a href=\"http:\/\/www.paulina-okurowska.com\" target=\"_blank\" rel=\"noopener\">\u00a0www.paulina-okurowska.com<\/a>, oraz w po\u015bcie z 19 lutego 2015 tutaj:\u00a0<a href=\"http:\/\/mozaikowanie.pl\/index.php\/2015\/02\/19\/6-mozaikoteka\/\" target=\"_blank\" rel=\"noopener\">post o Paulinie<\/a><\/p>\n<p>Nie trafi\u0142abym do Pauliny, gdyby nie Krystyna Kolonko i Kajetan Dyrda, dzi\u0119ki kt\u00f3rym po raz pierwszy uda\u0142o mi si\u0119 zamieni\u0107 tw\u00f3r mojej wyobra\u017ani w (dostatecznie) interesuj\u0105cy przedmiot. A konkretnie&#8230; w sze\u015bcian. Oto on:<\/p>\n<p><a href=\"http:\/\/mozaikowanie.files.wordpress.com\/2015\/02\/kostka.jpg\"><img data-recalc-dims=\"1\" loading=\"lazy\" decoding=\"async\" data-attachment-id=\"60\" data-permalink=\"https:\/\/mozaikowanie.pl\/kostka\/\" data-orig-file=\"https:\/\/i0.wp.com\/mozaikowanie.pl\/wp-content\/uploads\/2015\/02\/kostka.jpg?fit=276%2C207&amp;ssl=1\" data-orig-size=\"276,207\" data-comments-opened=\"1\" data-image-meta=\"{&quot;aperture&quot;:&quot;0&quot;,&quot;credit&quot;:&quot;&quot;,&quot;camera&quot;:&quot;&quot;,&quot;caption&quot;:&quot;&quot;,&quot;created_timestamp&quot;:&quot;0&quot;,&quot;copyright&quot;:&quot;&quot;,&quot;focal_length&quot;:&quot;0&quot;,&quot;iso&quot;:&quot;0&quot;,&quot;shutter_speed&quot;:&quot;0&quot;,&quot;title&quot;:&quot;&quot;,&quot;orientation&quot;:&quot;0&quot;}\" data-image-title=\"kostka\" data-image-description=\"\" data-image-caption=\"\" data-medium-file=\"https:\/\/i0.wp.com\/mozaikowanie.pl\/wp-content\/uploads\/2015\/02\/kostka.jpg?fit=276%2C207&amp;ssl=1\" data-large-file=\"https:\/\/i0.wp.com\/mozaikowanie.pl\/wp-content\/uploads\/2015\/02\/kostka.jpg?fit=276%2C207&amp;ssl=1\" class=\"alignnone size-full wp-image-60\" src=\"http:\/\/mozaikowanie.files.wordpress.com\/2015\/02\/kostka.jpg?resize=276%2C207\" alt=\"kostka\" width=\"276\" height=\"207\" \/><\/a><\/p>\n<p>Plenery ceramiczne u Krysi i Kajetana ko\u0142o\u00a0Bystrzycy K\u0142odzkiej pozwoli\u0142y mi zrozumie\u0107, \u017ce przy prawdziwych Mistrzach ka\u017cdy ucze\u0144 mo\u017ce odkry\u0107 w sobie tajemnic\u0119:). Je\u017celi te\u017c chcecie to poczu\u0107, to odwied\u017acie Krysi\u0119 i Kaja w Nowej Bystrzycy:\u00a0<a href=\"http:\/\/www.artystyka.eu\/\" target=\"_blank\" rel=\"noopener\">http:\/\/www.artystyka.eu\/<\/a><\/p>\n<p>Kolejn\u0105 wa\u017cn\u0105 osob\u0105 w mojej mozaikowej przygodzie jest Przemko Stachowski \u2013 artysta malarz, fotograf i tw\u00f3rca mozaik, kt\u00f3ry uczy mnie rozmawia\u0107 z kamieniami. Przemko, kt\u00f3ry swoje mozaikowe szlify zdobywa\u0142 w Rawennie \u2013 \u015bwiatowej stolicy mozaiki, zainteresowa\u0142 mnie histori\u0105 tej techniki. Jego prace, w tym niesamowit\u0105 kolekcj\u0119 inspirowan\u0105 polskim folklorem &#8222;Mojetno&#8221; mo\u017cecie obejrze\u0107 na stronie <a href=\"http:\/\/www.decoarch.com\" target=\"_blank\" rel=\"noopener\">www.decoarch.com<\/a>, oraz w po\u015bcie z 26 lutego 2015 roku tutaj:\u00a0<a href=\"http:\/\/mozaikowanie.pl\/index.php\/2015\/02\/26\/9\/\" target=\"_blank\" rel=\"noopener\">post Przemko<\/a><\/p>\n<p>Ostatnio (lato 2016) by\u0142am na warsztatach Justyny Budzyn <a href=\"http:\/\/www.justynabudzyn.pl\">http:\/\/www.justynabudzyn.pl<\/a>, kt\u00f3ra jest absolutn\u0105 mistrzyni\u0105 mozaikowych murali. Dzi\u0119ki Justynie pozna\u0142am wag\u0119 super ci\u0119\u017ck\u0105 mozaikowych realizacji, czyli techniki wielkopowierzchniowe, kt\u00f3re wymagaj\u0105 r\u00f3wnie du\u017co umiej\u0119tno\u015bci artystycznych, co budowlanych:).<\/p>\n<p>W 2015 roku uczestniczy\u0142am tak\u017ce w kursie mozaiki prowadzonym w Ravennie przez Lucian\u0119 Notturni, znan\u0105 we W\u0142oszech ekspertk\u0119 od renowacji mozaiki i wyk\u0142adowczyni\u0119 uniwersyteck\u0105.<\/p>\n<p>Pomijaj\u0105c kursy, wci\u0105\u017c ucz\u0119 si\u0119 mozaiki tworz\u0105c nowe prace i eksperymentuj\u0105c z materia\u0142ami, bazami, klejami i r\u00f3\u017cnymi, czasem niezbyt \u0142atwymi do wykonania projektami, kt\u00f3re podsuwa mi wyobra\u017ania.<\/p>\n<p>Zapraszam do \u015bwiata mozaiki, a tak\u017ce do komentowania, zadawania pyta\u0144 i do uczestnictwa w warsztatach mozaiki.<\/p>\n<p>Kontakt ze\u00a0mn\u0105 jest mo\u017cliwy pod adresem<strong> mozaikowanie@gmail.com<\/strong>.<\/p>\n<p>Ewa<\/p>\n","protected":false},"excerpt":{"rendered":"<p>Zapraszam\u00a0Was, Drodzy Czytelnicy, do\u00a0dw\u00f3ch rzeczy:\u00a0odkrycia fascynuj\u0105cego \u015bwiata mozaiki wsp\u00f3\u0142czesnej i spr\u00f3bowania swoich si\u0142 w mozaice. W trakcie tej podr\u00f3\u017cy opowiem Wam o procesie tworzenia mozaiki, poka\u017c\u0119 Wam moje prace, opowiem o interesuj\u0105cych\u00a0mnie artystach tworz\u0105cych mozaiki i troch\u0119 o jej historii. \u201eMozaikuj\u0119\u201d oznacza, \u017ce fotografuj\u0119, rysuj\u0119, projektuj\u0119 i klej\u0119, bywam glazurnikiem, albo kamieniarzem &#8211; a wszystko &hellip; <a href=\"https:\/\/mozaikowanie.pl\/index.php\/informacje\/\" class=\"more-link\">Czytaj dalej <span class=\"screen-reader-text\">O mnie<\/span> <span class=\"meta-nav\">&rarr;<\/span><\/a><\/p>\n","protected":false},"author":1,"featured_media":0,"parent":0,"menu_order":0,"comment_status":"open","ping_status":"open","template":"","meta":{"jetpack_post_was_ever_published":false,"footnotes":""},"class_list":["post-690","page","type-page","status-publish","hentry"],"aioseo_notices":[],"jetpack_sharing_enabled":true,"jetpack_shortlink":"https:\/\/wp.me\/P72G1w-b8","jetpack-related-posts":[],"_links":{"self":[{"href":"https:\/\/mozaikowanie.pl\/index.php\/wp-json\/wp\/v2\/pages\/690","targetHints":{"allow":["GET"]}}],"collection":[{"href":"https:\/\/mozaikowanie.pl\/index.php\/wp-json\/wp\/v2\/pages"}],"about":[{"href":"https:\/\/mozaikowanie.pl\/index.php\/wp-json\/wp\/v2\/types\/page"}],"author":[{"embeddable":true,"href":"https:\/\/mozaikowanie.pl\/index.php\/wp-json\/wp\/v2\/users\/1"}],"replies":[{"embeddable":true,"href":"https:\/\/mozaikowanie.pl\/index.php\/wp-json\/wp\/v2\/comments?post=690"}],"version-history":[{"count":5,"href":"https:\/\/mozaikowanie.pl\/index.php\/wp-json\/wp\/v2\/pages\/690\/revisions"}],"predecessor-version":[{"id":3159,"href":"https:\/\/mozaikowanie.pl\/index.php\/wp-json\/wp\/v2\/pages\/690\/revisions\/3159"}],"wp:attachment":[{"href":"https:\/\/mozaikowanie.pl\/index.php\/wp-json\/wp\/v2\/media?parent=690"}],"curies":[{"name":"wp","href":"https:\/\/api.w.org\/{rel}","templated":true}]}}