{"id":776,"date":"2015-06-14T12:25:42","date_gmt":"2015-06-14T10:25:42","guid":{"rendered":"https:\/\/mozaikowanie.wordpress.com\/?page_id=776"},"modified":"2021-04-24T15:09:07","modified_gmt":"2021-04-24T13:09:07","slug":"terminy","status":"publish","type":"page","link":"https:\/\/mozaikowanie.pl\/index.php\/terminy\/","title":{"rendered":"Terminy warsztat\u00f3w"},"content":{"rendered":"<p>Wi\u0119kszo\u015b\u0107 warsztat\u00f3w, kt\u00f3re prowadz\u0119 odbywa si\u0119 w Warszawie w Pracowni Mozaikon al. Niepodleg\u0142o\u015bci 165, I klatka, domofon 100 (tu\u017c obok metra Pole Mokotowskie, 5 przystank\u00f3w tramwajem od Dworca Warszawa Centralna).<\/p>\n<p>Aktualne terminy oraz mo\u017cliwo\u015b\u0107 zapis\u00f3w pod tym linkiem: <a href=\"https:\/\/mozaikon.pl\/kategoria-produktu\/warsztaty\/\">https:\/\/mozaikon.pl\/kategoria-produktu\/warsztaty\/<\/a><\/p>\n<p>Okazjonalnie robi\u0119 tak\u017ce warsztaty w okolicy Krakowa (a konkretnie w Bochni),\u00a0 w okolicy Jeleniej G\u00f3ry (blisko Lubomierza), oraz w Poznaniu i Gda\u0144sku.<\/p>\n<p>Je\u017celi byliby\u015bcie zainteresowanie tymi lokalizacjami, to prosz\u0119 o informacj\u0119, dam zna\u0107, kiedy b\u0119d\u0119 organizowa\u0107 warsztaty :<\/p>\n<div class=\"frm_forms  with_frm_style frm_style_formidable-style\" id=\"frm_form_2_container\" >\n<form enctype=\"multipart\/form-data\" method=\"post\" class=\"frm-show-form \" id=\"form_giu3gl\" >\n<div class=\"frm_form_fields \">\n<fieldset>\n<legend class=\"frm_hidden\">Warsztaty mozaiki w Warszawie 2019 zapisy<\/legend>\r\n\r\n<div class=\"frm_fields_container\">\n<input type=\"hidden\" name=\"frm_action\" value=\"create\" \/>\n<input type=\"hidden\" name=\"form_id\" value=\"2\" \/>\n<input type=\"hidden\" name=\"frm_hide_fields_2\" id=\"frm_hide_fields_2\" value=\"\" \/>\n<input type=\"hidden\" name=\"form_key\" value=\"giu3gl\" \/>\n<input type=\"hidden\" name=\"item_meta[0]\" value=\"\" \/>\n<input type=\"hidden\" id=\"frm_submit_entry_2\" name=\"frm_submit_entry_2\" value=\"58865c85fe\" \/><input type=\"hidden\" name=\"_wp_http_referer\" value=\"\/index.php\/wp-json\/wp\/v2\/pages\/776\" \/><div id=\"frm_field_8_container\" class=\"frm_form_field form-field  frm_required_field frm_top_container\">\r\n    <label for=\"field_9k2awv\" class=\"frm_primary_label\">Imi\u0119\r\n        <span class=\"frm_required\">*<\/span>\r\n    <\/label>\r\n    <input type=\"text\" id=\"field_9k2awv\" name=\"item_meta[8]\" value=\"\"  data-reqmsg=\"Imi\u0119 cannot be blank.\" aria-required=\"true\" data-invmsg=\"Imi\u0119 is invalid\" aria-invalid=\"false\"  \/>\r\n    \r\n    \r\n<\/div>\n<div id=\"frm_field_10_container\" class=\"frm_form_field form-field  frm_required_field frm_top_container\">\r\n    <label for=\"field_g1a2aq\" class=\"frm_primary_label\">Email\r\n        <span class=\"frm_required\">*<\/span>\r\n    <\/label>\r\n    <input type=\"email\" id=\"field_g1a2aq\" name=\"item_meta[10]\" value=\"\"  data-reqmsg=\"Email cannot be blank.\" aria-required=\"true\" data-invmsg=\"Email is invalid\" aria-invalid=\"false\"  \/>\r\n    \r\n    \r\n<\/div>\n<div id=\"frm_field_71_container\" class=\"frm_form_field form-field  frm_top_container vertical_radio\">\n    <div  id=\"field_kwfis_label\" class=\"frm_primary_label\">Pole wyboru\n        <span class=\"frm_required\"><\/span>\n    <\/div>\n    <div class=\"frm_opt_container\" aria-labelledby=\"field_kwfis_label\" role=\"group\">\t\t<div class=\"frm_checkbox\" id=\"frm_checkbox_71-36\">\t\t\t<label  for=\"field_kwfis-36\">\n\t\t\t<input type=\"checkbox\" name=\"item_meta[71][]\" id=\"field_kwfis-36\" value=\"Chc\u0119 wzi\u0105\u0107 udzia\u0142 w warsztatach w Krakowie\/Bochni\"  data-invmsg=\"Pole wyboru is invalid\" aria-invalid=\"false\"   \/> Chc\u0119 wzi\u0105\u0107 udzia\u0142 w warsztatach w Krakowie\/Bochni<\/label><\/div>\n\t\t<div class=\"frm_checkbox\" id=\"frm_checkbox_71-37\">\t\t\t<label  for=\"field_kwfis-37\">\n\t\t\t<input type=\"checkbox\" name=\"item_meta[71][]\" id=\"field_kwfis-37\" value=\"Chc\u0119 wzi\u0105\u0107 udzia\u0142 w warsztatach w Jeleniej G\u00f3rze\/Lubomierzu\"  data-invmsg=\"Pole wyboru is invalid\" aria-invalid=\"false\"   \/> Chc\u0119 wzi\u0105\u0107 udzia\u0142 w warsztatach w Jeleniej G\u00f3rze\/Lubomierzu<\/label><\/div>\n\t\t<div class=\"frm_checkbox\" id=\"frm_checkbox_71-39\">\t\t\t<label  for=\"field_kwfis-39\">\n\t\t\t<input type=\"checkbox\" name=\"item_meta[71][]\" id=\"field_kwfis-39\" value=\"Chc\u0119 wzi\u0105\u0107 udzia\u0142 w warsztatach w Poznaniu\"  data-invmsg=\"Pole wyboru is invalid\" aria-invalid=\"false\"   \/> Chc\u0119 wzi\u0105\u0107 udzia\u0142 w warsztatach w Poznaniu<\/label><\/div>\n\t\t<div class=\"frm_checkbox\" id=\"frm_checkbox_71-40\">\t\t\t<label  for=\"field_kwfis-40\">\n\t\t\t<input type=\"checkbox\" name=\"item_meta[71][]\" id=\"field_kwfis-40\" value=\"Chc\u0119 wzi\u0105\u0107 udzia\u0142 w warsztatach w Gda\u0144sku\"  data-invmsg=\"Pole wyboru is invalid\" aria-invalid=\"false\"   \/> Chc\u0119 wzi\u0105\u0107 udzia\u0142 w warsztatach w Gda\u0144sku<\/label><\/div>\n\t\t<div class=\"frm_checkbox\" id=\"frm_checkbox_71-41\">\t\t\t<label  for=\"field_kwfis-41\">\n\t\t\t<input type=\"checkbox\" name=\"item_meta[71][]\" id=\"field_kwfis-41\" value=\"Chc\u0119 dostawa\u0107 mailem informacj\u0119 o kolejnych warsztatach w Warszawie\"  data-invmsg=\"Pole wyboru is invalid\" aria-invalid=\"false\"   \/> Chc\u0119 dostawa\u0107 mailem informacj\u0119 o kolejnych warsztatach w Warszawie<\/label><\/div>\n<\/div>\n    \n    \n<\/div>\n\t<input type=\"hidden\" name=\"item_key\" value=\"\" \/>\n\t<div class=\"frm_submit\">\r\n\r\n<input type=\"submit\" value=\"Wy\u015blij\"  \/>\r\n<img data-recalc-dims=\"1\" decoding=\"async\" class=\"frm_ajax_loading\" src=\"https:\/\/i0.wp.com\/mozaikowanie.pl\/wp-content\/plugins\/formidable\/images\/ajax_loader.gif?w=474&#038;ssl=1\" alt=\"Sending\"\/>\r\n\r\n<\/div><\/div>\n<\/fieldset>\n<\/div>\n\n<p style=\"display: none !important;\" class=\"akismet-fields-container\" data-prefix=\"ak_\"><label>&#916;<textarea name=\"ak_hp_textarea\" cols=\"45\" rows=\"8\" maxlength=\"100\"><\/textarea><\/label><input type=\"hidden\" id=\"ak_js_1\" name=\"ak_js\" value=\"190\"\/><script>document.getElementById( \"ak_js_1\" ).setAttribute( \"value\", ( new Date() ).getTime() );<\/script><\/p><\/form>\n<\/div>\n\n<p><a href=\"https:\/\/i0.wp.com\/mozaikowanie.pl\/wp-content\/uploads\/2015\/05\/motyliroze.jpg\"><img data-recalc-dims=\"1\" loading=\"lazy\" decoding=\"async\" data-attachment-id=\"660\" data-permalink=\"https:\/\/mozaikowanie.pl\/index.php\/terminy\/motyliroze\/\" data-orig-file=\"https:\/\/i0.wp.com\/mozaikowanie.pl\/wp-content\/uploads\/2015\/05\/motyliroze.jpg?fit=657%2C493&amp;ssl=1\" data-orig-size=\"657,493\" data-comments-opened=\"1\" data-image-meta=\"{&quot;aperture&quot;:&quot;0&quot;,&quot;credit&quot;:&quot;&quot;,&quot;camera&quot;:&quot;&quot;,&quot;caption&quot;:&quot;&quot;,&quot;created_timestamp&quot;:&quot;0&quot;,&quot;copyright&quot;:&quot;&quot;,&quot;focal_length&quot;:&quot;0&quot;,&quot;iso&quot;:&quot;0&quot;,&quot;shutter_speed&quot;:&quot;0&quot;,&quot;title&quot;:&quot;&quot;,&quot;orientation&quot;:&quot;0&quot;}\" data-image-title=\"motyliroze\" data-image-description=\"\" data-image-caption=\"\" data-medium-file=\"https:\/\/i0.wp.com\/mozaikowanie.pl\/wp-content\/uploads\/2015\/05\/motyliroze.jpg?fit=300%2C225&amp;ssl=1\" data-large-file=\"https:\/\/i0.wp.com\/mozaikowanie.pl\/wp-content\/uploads\/2015\/05\/motyliroze.jpg?fit=474%2C356&amp;ssl=1\" class=\"alignnone wp-image-660\" src=\"https:\/\/i0.wp.com\/mozaikowanie.pl\/wp-content\/uploads\/2015\/05\/motyliroze-300x225.jpg?resize=474%2C356\" alt=\"motyliroze\" width=\"474\" height=\"356\" srcset=\"https:\/\/i0.wp.com\/mozaikowanie.pl\/wp-content\/uploads\/2015\/05\/motyliroze.jpg?resize=300%2C225&amp;ssl=1 300w, https:\/\/i0.wp.com\/mozaikowanie.pl\/wp-content\/uploads\/2015\/05\/motyliroze.jpg?w=657&amp;ssl=1 657w\" sizes=\"auto, (max-width: 474px) 100vw, 474px\" \/><\/a><\/p>\n","protected":false},"excerpt":{"rendered":"<p>Wi\u0119kszo\u015b\u0107 warsztat\u00f3w, kt\u00f3re prowadz\u0119 odbywa si\u0119 w Warszawie w Pracowni Mozaikon al. Niepodleg\u0142o\u015bci 165, I klatka, domofon 100 (tu\u017c obok metra Pole Mokotowskie, 5 przystank\u00f3w tramwajem od Dworca Warszawa Centralna). Aktualne terminy oraz mo\u017cliwo\u015b\u0107 zapis\u00f3w pod tym linkiem: https:\/\/mozaikon.pl\/kategoria-produktu\/warsztaty\/ Okazjonalnie robi\u0119 tak\u017ce warsztaty w okolicy Krakowa (a konkretnie w Bochni),\u00a0 w okolicy Jeleniej G\u00f3ry (blisko &hellip; <a href=\"https:\/\/mozaikowanie.pl\/index.php\/terminy\/\" class=\"more-link\">Czytaj dalej <span class=\"screen-reader-text\">Terminy warsztat\u00f3w<\/span> <span class=\"meta-nav\">&rarr;<\/span><\/a><\/p>\n","protected":false},"author":1,"featured_media":0,"parent":0,"menu_order":0,"comment_status":"open","ping_status":"open","template":"","meta":{"jetpack_post_was_ever_published":false,"footnotes":""},"class_list":["post-776","page","type-page","status-publish","hentry"],"aioseo_notices":[],"jetpack_sharing_enabled":true,"jetpack_shortlink":"https:\/\/wp.me\/P72G1w-cw","jetpack-related-posts":[],"_links":{"self":[{"href":"https:\/\/mozaikowanie.pl\/index.php\/wp-json\/wp\/v2\/pages\/776","targetHints":{"allow":["GET"]}}],"collection":[{"href":"https:\/\/mozaikowanie.pl\/index.php\/wp-json\/wp\/v2\/pages"}],"about":[{"href":"https:\/\/mozaikowanie.pl\/index.php\/wp-json\/wp\/v2\/types\/page"}],"author":[{"embeddable":true,"href":"https:\/\/mozaikowanie.pl\/index.php\/wp-json\/wp\/v2\/users\/1"}],"replies":[{"embeddable":true,"href":"https:\/\/mozaikowanie.pl\/index.php\/wp-json\/wp\/v2\/comments?post=776"}],"version-history":[{"count":17,"href":"https:\/\/mozaikowanie.pl\/index.php\/wp-json\/wp\/v2\/pages\/776\/revisions"}],"predecessor-version":[{"id":3116,"href":"https:\/\/mozaikowanie.pl\/index.php\/wp-json\/wp\/v2\/pages\/776\/revisions\/3116"}],"wp:attachment":[{"href":"https:\/\/mozaikowanie.pl\/index.php\/wp-json\/wp\/v2\/media?parent=776"}],"curies":[{"name":"wp","href":"https:\/\/api.w.org\/{rel}","templated":true}]}}